{"id":3989,"date":"2020-11-13T10:18:15","date_gmt":"2020-11-13T10:18:15","guid":{"rendered":"https:\/\/aslegal.ro\/radmedical\/?page_id=3989"},"modified":"2023-01-16T08:13:00","modified_gmt":"2023-01-16T08:13:00","slug":"uber-uns","status":"publish","type":"page","link":"https:\/\/radmedical.ro\/de\/uber-uns\/","title":{"rendered":"\u00dcber uns"},"content":{"rendered":"\t\t<div data-elementor-type=\"wp-post\" data-elementor-id=\"3989\" class=\"elementor elementor-3989\">\n\t\t\t\t\t\t<section class=\"elementor-section elementor-top-section elementor-element elementor-element-10b3474 elementor-section-boxed elementor-section-height-default elementor-section-height-default\" data-id=\"10b3474\" data-element_type=\"section\" data-settings=\"{&quot;background_background&quot;:&quot;classic&quot;}\">\n\t\t\t\t\t\t<div class=\"elementor-container elementor-column-gap-default\">\n\t\t\t\t\t<div class=\"elementor-column elementor-col-100 elementor-top-column elementor-element elementor-element-f075015\" data-id=\"f075015\" data-element_type=\"column\">\n\t\t\t<div class=\"elementor-widget-wrap elementor-element-populated\">\n\t\t\t\t\t\t<div class=\"elementor-element elementor-element-37ed554 elementor-widget elementor-widget-text-editor\" data-id=\"37ed554\" data-element_type=\"widget\" data-widget_type=\"text-editor.default\">\n\t\t\t\t<div class=\"elementor-widget-container\">\n\t\t\t\t\t\t\t<p style=\"text-align: left;\">\u00dcber uns<\/p>\t\t\t\t\t\t<\/div>\n\t\t\t\t<\/div>\n\t\t\t\t<div class=\"elementor-element elementor-element-74031a8 elementor-widget elementor-widget-text-editor\" data-id=\"74031a8\" data-element_type=\"widget\" data-widget_type=\"text-editor.default\">\n\t\t\t\t<div class=\"elementor-widget-container\">\n\t\t\t\t\t\t\t<div class=\"et_pb_extra_column_main\"><article id=\"post-2\" class=\"post-2 page type-page status-publish hentry\"><div class=\"post-wrap\"><div class=\"post-content entry-content\"><div id=\"et-boc\" class=\"et-boc\"><div class=\"et-l et-l--post\"><div class=\"et_builder_inner_content et_pb_gutters3\"><div class=\"et_pb_section et_pb_section_0 et_section_regular\"><div class=\"et_pb_row et_pb_row_0\"><div class=\"et_pb_column et_pb_column_4_4 et_pb_column_0 et_pb_css_mix_blend_mode_passthrough et-last-child\"><div class=\"et_pb_module et_pb_text et_pb_text_0 et_pb_text_align_left et_pb_bg_layout_light\"><div class=\"et_pb_text_inner\"><p>Die AC RAD MEDICAL CONSULT &amp; SERVICE wurde 2012 gegr\u00fcndet und bietet ihre Dienstleistungen f\u00fcr Unternehmen und Institutionen im medizinischen oder industriellen Bereich an, die Ger\u00e4te verwenden, die ionisierende Strahlung aussenden oder Ger\u00e4te gem\u00e4\u00df den Vorschriften der Nationalen Kommission f\u00fcr die Kontrolle von Kernaktivit\u00e4ten C.N.C.A.N.<\/p><\/div><\/div><\/div><\/div><\/div><\/div><\/div><\/div><\/div><\/div><\/article><\/div>\t\t\t\t\t\t<\/div>\n\t\t\t\t<\/div>\n\t\t\t\t\t<\/div>\n\t\t<\/div>\n\t\t\t\t\t<\/div>\n\t\t<\/section>\n\t\t\t\t<section class=\"elementor-section elementor-top-section elementor-element elementor-element-281fb30 elementor-section-boxed elementor-section-height-default elementor-section-height-default\" data-id=\"281fb30\" data-element_type=\"section\">\n\t\t\t\t\t\t<div class=\"elementor-container elementor-column-gap-default\">\n\t\t\t\t\t<div class=\"elementor-column elementor-col-100 elementor-top-column elementor-element elementor-element-43964a9\" data-id=\"43964a9\" data-element_type=\"column\">\n\t\t\t<div class=\"elementor-widget-wrap elementor-element-populated\">\n\t\t\t\t\t\t<div class=\"elementor-element elementor-element-143ccb3 elementor-widget elementor-widget-text-editor\" data-id=\"143ccb3\" data-element_type=\"widget\" data-widget_type=\"text-editor.default\">\n\t\t\t\t<div class=\"elementor-widget-container\">\n\t\t\t\t\t\t\t<div class=\"et_pb_extra_column_main\"><article id=\"post-2\" class=\"post-2 page type-page status-publish hentry\"><div class=\"post-wrap\"><div class=\"post-content entry-content\"><div id=\"et-boc\" class=\"et-boc\"><div class=\"et-l et-l--post\"><div class=\"et_builder_inner_content et_pb_gutters3\"><div class=\"et_pb_section et_pb_section_0 et_section_regular\"><div class=\"et_pb_row et_pb_row_0\"><div class=\"et_pb_column et_pb_column_4_4 et_pb_column_0 et_pb_css_mix_blend_mode_passthrough et-last-child\"><div class=\"et_pb_module et_pb_text et_pb_text_0 et_pb_text_align_left et_pb_bg_layout_light\"><div class=\"et_pb_text_inner\"><p>Wir haben ein umfangreiches Kundenportfolio, f\u00fcr die wir Dienstleistungen auf den von der geltenden Gesetzgebung geforderten hohen Standards bereitgestellt haben. Unser Unternehmens-Team spezialisiert sich auf die Bereiche Strahlenschutz, Wartung, Service und Schulung.<\/p><p>Das Team umfasst Experten im Strahlenschutz, die von C.N.C.A.N mit Erlaubnissen der \u00dcbungsstufe III und medizinischen Physikern, die von C.N.C.A.N mit Erlaubnissen der \u00dcbungsstufe II akkreditiert sind.<\/p><\/div><\/div><\/div><\/div><\/div><\/div><\/div><\/div><\/div><\/div><\/article><\/div>\t\t\t\t\t\t<\/div>\n\t\t\t\t<\/div>\n\t\t\t\t\t<\/div>\n\t\t<\/div>\n\t\t\t\t\t<\/div>\n\t\t<\/section>\n\t\t\t\t<\/div>\n\t\t","protected":false},"excerpt":{"rendered":"<p>\u00dcber uns Die AC RAD MEDICAL CONSULT &amp; SERVICE wurde 2012 gegr\u00fcndet und bietet ihre Dienstleistungen f\u00fcr Unternehmen&#8230;<\/p>\n","protected":false},"author":1,"featured_media":0,"parent":0,"menu_order":0,"comment_status":"closed","ping_status":"closed","template":"elementor_header_footer","meta":{"footnotes":""},"class_list":["post-3989","page","type-page","status-publish","hentry"],"yoast_head":"<!-- This site is optimized with the Yoast SEO plugin v24.0 - https:\/\/yoast.com\/wordpress\/plugins\/seo\/ -->\n<title>\u00dcber uns - Dosimetrieausr\u00fcstung, Strahlenschutzausr\u00fcstung, Transport von radioaktiven Stoffen<\/title>\n<meta name=\"robots\" content=\"index, follow, max-snippet:-1, max-image-preview:large, max-video-preview:-1\" \/>\n<link rel=\"canonical\" href=\"https:\/\/radmedical.ro\/de\/uber-uns\/\" \/>\n<meta property=\"og:locale\" content=\"en_US\" \/>\n<meta property=\"og:type\" content=\"article\" \/>\n<meta property=\"og:title\" content=\"\u00dcber uns - Dosimetrieausr\u00fcstung, Strahlenschutzausr\u00fcstung, Transport von radioaktiven Stoffen\" \/>\n<meta property=\"og:description\" content=\"\u00dcber uns Die AC RAD MEDICAL CONSULT &amp; SERVICE wurde 2012 gegr\u00fcndet und bietet ihre Dienstleistungen f\u00fcr Unternehmen...\" \/>\n<meta property=\"og:url\" content=\"https:\/\/radmedical.ro\/de\/uber-uns\/\" \/>\n<meta property=\"og:site_name\" content=\"Dosimetrieausr\u00fcstung, Strahlenschutzausr\u00fcstung, Transport von radioaktiven Stoffen\" \/>\n<meta property=\"article:modified_time\" content=\"2023-01-16T08:13:00+00:00\" \/>\n<meta name=\"twitter:card\" content=\"summary_large_image\" \/>\n<meta name=\"twitter:label1\" content=\"Est. reading time\" \/>\n\t<meta name=\"twitter:data1\" content=\"1 minute\" \/>\n<script type=\"application\/ld+json\" class=\"yoast-schema-graph\">{\"@context\":\"https:\/\/schema.org\",\"@graph\":[{\"@type\":\"WebPage\",\"@id\":\"https:\/\/radmedical.ro\/de\/uber-uns\/\",\"url\":\"https:\/\/radmedical.ro\/de\/uber-uns\/\",\"name\":\"\u00dcber uns - Dosimetrieausr\u00fcstung, Strahlenschutzausr\u00fcstung, Transport von radioaktiven Stoffen\",\"isPartOf\":{\"@id\":\"https:\/\/radmedical.ro\/de\/#website\"},\"datePublished\":\"2020-11-13T10:18:15+00:00\",\"dateModified\":\"2023-01-16T08:13:00+00:00\",\"breadcrumb\":{\"@id\":\"https:\/\/radmedical.ro\/de\/uber-uns\/#breadcrumb\"},\"inLanguage\":\"en-US\",\"potentialAction\":[{\"@type\":\"ReadAction\",\"target\":[\"https:\/\/radmedical.ro\/de\/uber-uns\/\"]}]},{\"@type\":\"BreadcrumbList\",\"@id\":\"https:\/\/radmedical.ro\/de\/uber-uns\/#breadcrumb\",\"itemListElement\":[{\"@type\":\"ListItem\",\"position\":1,\"name\":\"Home\",\"item\":\"https:\/\/radmedical.ro\/de\/\"},{\"@type\":\"ListItem\",\"position\":2,\"name\":\"\u00dcber uns\"}]},{\"@type\":\"WebSite\",\"@id\":\"https:\/\/radmedical.ro\/de\/#website\",\"url\":\"https:\/\/radmedical.ro\/de\/\",\"name\":\"AMN Design\",\"description\":\"\",\"publisher\":{\"@id\":\"https:\/\/radmedical.ro\/de\/#\/schema\/person\/f7ed3d5534297ef22de8a4a3e5ede83a\"},\"potentialAction\":[{\"@type\":\"SearchAction\",\"target\":{\"@type\":\"EntryPoint\",\"urlTemplate\":\"https:\/\/radmedical.ro\/de\/?s={search_term_string}\"},\"query-input\":{\"@type\":\"PropertyValueSpecification\",\"valueRequired\":true,\"valueName\":\"search_term_string\"}}],\"inLanguage\":\"en-US\"},{\"@type\":[\"Person\",\"Organization\"],\"@id\":\"https:\/\/radmedical.ro\/de\/#\/schema\/person\/f7ed3d5534297ef22de8a4a3e5ede83a\",\"name\":\"admin\",\"image\":{\"@type\":\"ImageObject\",\"inLanguage\":\"en-US\",\"@id\":\"https:\/\/radmedical.ro\/de\/#\/schema\/person\/image\/\",\"url\":\"https:\/\/secure.gravatar.com\/avatar\/358c7b7abd22ea51328819b7e031632e?s=96&d=mm&r=g\",\"contentUrl\":\"https:\/\/secure.gravatar.com\/avatar\/358c7b7abd22ea51328819b7e031632e?s=96&d=mm&r=g\",\"caption\":\"admin\"},\"logo\":{\"@id\":\"https:\/\/radmedical.ro\/de\/#\/schema\/person\/image\/\"}}]}<\/script>\n<!-- \/ Yoast SEO plugin. -->","yoast_head_json":{"title":"\u00dcber uns - Dosimetrieausr\u00fcstung, Strahlenschutzausr\u00fcstung, Transport von radioaktiven Stoffen","robots":{"index":"index","follow":"follow","max-snippet":"max-snippet:-1","max-image-preview":"max-image-preview:large","max-video-preview":"max-video-preview:-1"},"canonical":"https:\/\/radmedical.ro\/de\/uber-uns\/","og_locale":"en_US","og_type":"article","og_title":"\u00dcber uns - Dosimetrieausr\u00fcstung, Strahlenschutzausr\u00fcstung, Transport von radioaktiven Stoffen","og_description":"\u00dcber uns Die AC RAD MEDICAL CONSULT &amp; SERVICE wurde 2012 gegr\u00fcndet und bietet ihre Dienstleistungen f\u00fcr Unternehmen...","og_url":"https:\/\/radmedical.ro\/de\/uber-uns\/","og_site_name":"Dosimetrieausr\u00fcstung, Strahlenschutzausr\u00fcstung, Transport von radioaktiven Stoffen","article_modified_time":"2023-01-16T08:13:00+00:00","twitter_card":"summary_large_image","twitter_misc":{"Est. reading time":"1 minute"},"schema":{"@context":"https:\/\/schema.org","@graph":[{"@type":"WebPage","@id":"https:\/\/radmedical.ro\/de\/uber-uns\/","url":"https:\/\/radmedical.ro\/de\/uber-uns\/","name":"\u00dcber uns - Dosimetrieausr\u00fcstung, Strahlenschutzausr\u00fcstung, Transport von radioaktiven Stoffen","isPartOf":{"@id":"https:\/\/radmedical.ro\/de\/#website"},"datePublished":"2020-11-13T10:18:15+00:00","dateModified":"2023-01-16T08:13:00+00:00","breadcrumb":{"@id":"https:\/\/radmedical.ro\/de\/uber-uns\/#breadcrumb"},"inLanguage":"en-US","potentialAction":[{"@type":"ReadAction","target":["https:\/\/radmedical.ro\/de\/uber-uns\/"]}]},{"@type":"BreadcrumbList","@id":"https:\/\/radmedical.ro\/de\/uber-uns\/#breadcrumb","itemListElement":[{"@type":"ListItem","position":1,"name":"Home","item":"https:\/\/radmedical.ro\/de\/"},{"@type":"ListItem","position":2,"name":"\u00dcber uns"}]},{"@type":"WebSite","@id":"https:\/\/radmedical.ro\/de\/#website","url":"https:\/\/radmedical.ro\/de\/","name":"AMN Design","description":"","publisher":{"@id":"https:\/\/radmedical.ro\/de\/#\/schema\/person\/f7ed3d5534297ef22de8a4a3e5ede83a"},"potentialAction":[{"@type":"SearchAction","target":{"@type":"EntryPoint","urlTemplate":"https:\/\/radmedical.ro\/de\/?s={search_term_string}"},"query-input":{"@type":"PropertyValueSpecification","valueRequired":true,"valueName":"search_term_string"}}],"inLanguage":"en-US"},{"@type":["Person","Organization"],"@id":"https:\/\/radmedical.ro\/de\/#\/schema\/person\/f7ed3d5534297ef22de8a4a3e5ede83a","name":"admin","image":{"@type":"ImageObject","inLanguage":"en-US","@id":"https:\/\/radmedical.ro\/de\/#\/schema\/person\/image\/","url":"https:\/\/secure.gravatar.com\/avatar\/358c7b7abd22ea51328819b7e031632e?s=96&d=mm&r=g","contentUrl":"https:\/\/secure.gravatar.com\/avatar\/358c7b7abd22ea51328819b7e031632e?s=96&d=mm&r=g","caption":"admin"},"logo":{"@id":"https:\/\/radmedical.ro\/de\/#\/schema\/person\/image\/"}}]}},"_links":{"self":[{"href":"https:\/\/radmedical.ro\/de\/wp-json\/wp\/v2\/pages\/3989","targetHints":{"allow":["GET"]}}],"collection":[{"href":"https:\/\/radmedical.ro\/de\/wp-json\/wp\/v2\/pages"}],"about":[{"href":"https:\/\/radmedical.ro\/de\/wp-json\/wp\/v2\/types\/page"}],"author":[{"embeddable":true,"href":"https:\/\/radmedical.ro\/de\/wp-json\/wp\/v2\/users\/1"}],"replies":[{"embeddable":true,"href":"https:\/\/radmedical.ro\/de\/wp-json\/wp\/v2\/comments?post=3989"}],"version-history":[{"count":36,"href":"https:\/\/radmedical.ro\/de\/wp-json\/wp\/v2\/pages\/3989\/revisions"}],"predecessor-version":[{"id":7676,"href":"https:\/\/radmedical.ro\/de\/wp-json\/wp\/v2\/pages\/3989\/revisions\/7676"}],"wp:attachment":[{"href":"https:\/\/radmedical.ro\/de\/wp-json\/wp\/v2\/media?parent=3989"}],"curies":[{"name":"wp","href":"https:\/\/api.w.org\/{rel}","templated":true}]}}