{"id":4236,"date":"2021-04-19T16:19:21","date_gmt":"2021-04-19T16:19:21","guid":{"rendered":"https:\/\/aslegal.ro\/radmedical\/?page_id=4236"},"modified":"2023-01-16T10:37:18","modified_gmt":"2023-01-16T10:37:18","slug":"strahlenschutz-bekleidung","status":"publish","type":"page","link":"https:\/\/radmedical.ro\/de\/strahlenschutz-bekleidung\/","title":{"rendered":"Strahlenschutz Bekleidung"},"content":{"rendered":"\t\t<div data-elementor-type=\"wp-post\" data-elementor-id=\"4236\" class=\"elementor elementor-4236\">\n\t\t\t\t\t\t<section class=\"elementor-section elementor-top-section elementor-element elementor-element-0c08fce elementor-section-boxed elementor-section-height-default elementor-section-height-default\" data-id=\"0c08fce\" data-element_type=\"section\" data-settings=\"{&quot;background_background&quot;:&quot;classic&quot;}\">\n\t\t\t\t\t\t<div class=\"elementor-container elementor-column-gap-default\">\n\t\t\t\t\t<div class=\"elementor-column elementor-col-100 elementor-top-column elementor-element elementor-element-8b35972\" data-id=\"8b35972\" data-element_type=\"column\">\n\t\t\t<div class=\"elementor-widget-wrap elementor-element-populated\">\n\t\t\t\t\t\t<div class=\"elementor-element elementor-element-9a392a3 elementor-widget elementor-widget-text-editor\" data-id=\"9a392a3\" data-element_type=\"widget\" data-widget_type=\"text-editor.default\">\n\t\t\t\t<div class=\"elementor-widget-container\">\n\t\t\t\t\t\t\t<p style=\"text-align: center;\">Strahlenschutz Bekleidung<\/p>\t\t\t\t\t\t<\/div>\n\t\t\t\t<\/div>\n\t\t\t\t\t<\/div>\n\t\t<\/div>\n\t\t\t\t\t<\/div>\n\t\t<\/section>\n\t\t\t\t<section class=\"elementor-section elementor-top-section elementor-element elementor-element-12116e5 elementor-section-boxed elementor-section-height-default elementor-section-height-default\" data-id=\"12116e5\" data-element_type=\"section\" data-settings=\"{&quot;background_background&quot;:&quot;classic&quot;}\">\n\t\t\t\t\t\t<div class=\"elementor-container elementor-column-gap-default\">\n\t\t\t\t\t<div class=\"elementor-column elementor-col-50 elementor-top-column elementor-element elementor-element-7ecfe8c\" data-id=\"7ecfe8c\" data-element_type=\"column\">\n\t\t\t<div class=\"elementor-widget-wrap elementor-element-populated\">\n\t\t\t\t\t\t<div class=\"elementor-element elementor-element-42bf985 elementor-widget elementor-widget-image\" data-id=\"42bf985\" data-element_type=\"widget\" data-widget_type=\"image.default\">\n\t\t\t\t<div class=\"elementor-widget-container\">\n\t\t\t\t\t\t\t\t\t\t\t\t\t<img fetchpriority=\"high\" decoding=\"async\" width=\"400\" height=\"300\" src=\"https:\/\/radmedical.ro\/de\/wp-content\/uploads\/2021\/05\/recipient-12.jpg\" class=\"attachment-large size-large wp-image-4536\" alt=\"\" srcset=\"https:\/\/radmedical.ro\/de\/wp-content\/uploads\/2021\/05\/recipient-12.jpg 400w, https:\/\/radmedical.ro\/de\/wp-content\/uploads\/2021\/05\/recipient-12-300x225.jpg 300w, https:\/\/radmedical.ro\/de\/wp-content\/uploads\/2021\/05\/recipient-12-285x214.jpg 285w\" sizes=\"(max-width: 400px) 100vw, 400px\" \/>\t\t\t\t\t\t\t\t\t\t\t\t\t<\/div>\n\t\t\t\t<\/div>\n\t\t\t\t\t<\/div>\n\t\t<\/div>\n\t\t\t\t<div class=\"elementor-column elementor-col-50 elementor-top-column elementor-element elementor-element-9986b14\" data-id=\"9986b14\" data-element_type=\"column\">\n\t\t\t<div class=\"elementor-widget-wrap elementor-element-populated\">\n\t\t\t\t\t\t<div class=\"elementor-element elementor-element-2fb934d elementor-widget elementor-widget-image\" data-id=\"2fb934d\" data-element_type=\"widget\" data-widget_type=\"image.default\">\n\t\t\t\t<div class=\"elementor-widget-container\">\n\t\t\t\t\t\t\t\t\t\t\t\t\t<img decoding=\"async\" width=\"119\" height=\"53\" src=\"https:\/\/radmedical.ro\/de\/wp-content\/uploads\/2021\/04\/logo-1.png\" class=\"attachment-large size-large wp-image-4244\" alt=\"\" \/>\t\t\t\t\t\t\t\t\t\t\t\t\t<\/div>\n\t\t\t\t<\/div>\n\t\t\t\t<div class=\"elementor-element elementor-element-c20cb5a elementor-widget elementor-widget-text-editor\" data-id=\"c20cb5a\" data-element_type=\"widget\" data-widget_type=\"text-editor.default\">\n\t\t\t\t<div class=\"elementor-widget-container\">\n\t\t\t\t\t\t\t<p style=\"text-align: left;\">Allgemeine Schutzausr\u00fcstung<\/p>\t\t\t\t\t\t<\/div>\n\t\t\t\t<\/div>\n\t\t\t\t<div class=\"elementor-element elementor-element-f940e7f elementor-align-left elementor-widget elementor-widget-button\" data-id=\"f940e7f\" data-element_type=\"widget\" data-widget_type=\"button.default\">\n\t\t\t\t<div class=\"elementor-widget-container\">\n\t\t\t\t\t\t\t<div class=\"elementor-button-wrapper\">\n\t\t\t\t\t<a class=\"elementor-button elementor-button-link elementor-size-lg\" href=\"https:\/\/radmedical.ro\/de\/allgemeine-schutzausrustung\">\n\t\t\t\t\t\t<span class=\"elementor-button-content-wrapper\">\n\t\t\t\t\t\t\t\t\t<span class=\"elementor-button-text\">siehe Produkte<\/span>\n\t\t\t\t\t<\/span>\n\t\t\t\t\t<\/a>\n\t\t\t\t<\/div>\n\t\t\t\t\t\t<\/div>\n\t\t\t\t<\/div>\n\t\t\t\t\t<\/div>\n\t\t<\/div>\n\t\t\t\t\t<\/div>\n\t\t<\/section>\n\t\t\t\t<section class=\"elementor-section elementor-top-section elementor-element elementor-element-dc7915a elementor-section-boxed elementor-section-height-default elementor-section-height-default\" data-id=\"dc7915a\" data-element_type=\"section\">\n\t\t\t\t\t\t<div class=\"elementor-container elementor-column-gap-default\">\n\t\t\t\t\t<div class=\"elementor-column elementor-col-50 elementor-top-column elementor-element elementor-element-88e68e8\" data-id=\"88e68e8\" data-element_type=\"column\">\n\t\t\t<div class=\"elementor-widget-wrap elementor-element-populated\">\n\t\t\t\t\t\t<div class=\"elementor-element elementor-element-09567a8 elementor-widget elementor-widget-image\" data-id=\"09567a8\" data-element_type=\"widget\" data-widget_type=\"image.default\">\n\t\t\t\t<div class=\"elementor-widget-container\">\n\t\t\t\t\t\t\t\t\t\t\t\t\t<img decoding=\"async\" width=\"119\" height=\"53\" src=\"https:\/\/radmedical.ro\/de\/wp-content\/uploads\/2021\/04\/logo-1.png\" class=\"attachment-large size-large wp-image-4244\" alt=\"\" \/>\t\t\t\t\t\t\t\t\t\t\t\t\t<\/div>\n\t\t\t\t<\/div>\n\t\t\t\t<div class=\"elementor-element elementor-element-710bd27 elementor-widget elementor-widget-text-editor\" data-id=\"710bd27\" data-element_type=\"widget\" data-widget_type=\"text-editor.default\">\n\t\t\t\t<div class=\"elementor-widget-container\">\n\t\t\t\t\t\t\t<p style=\"text-align: left;\">Zahnschutzausr\u00fcstung<\/p>\t\t\t\t\t\t<\/div>\n\t\t\t\t<\/div>\n\t\t\t\t<div class=\"elementor-element elementor-element-ec71b26 elementor-align-left elementor-widget elementor-widget-button\" data-id=\"ec71b26\" data-element_type=\"widget\" data-widget_type=\"button.default\">\n\t\t\t\t<div class=\"elementor-widget-container\">\n\t\t\t\t\t\t\t<div class=\"elementor-button-wrapper\">\n\t\t\t\t\t<a class=\"elementor-button elementor-button-link elementor-size-lg\" href=\"https:\/\/radmedical.ro\/de\/zahnschutzausrustung\">\n\t\t\t\t\t\t<span class=\"elementor-button-content-wrapper\">\n\t\t\t\t\t\t\t\t\t<span class=\"elementor-button-text\">siehe Produkte<\/span>\n\t\t\t\t\t<\/span>\n\t\t\t\t\t<\/a>\n\t\t\t\t<\/div>\n\t\t\t\t\t\t<\/div>\n\t\t\t\t<\/div>\n\t\t\t\t\t<\/div>\n\t\t<\/div>\n\t\t\t\t<div class=\"elementor-column elementor-col-50 elementor-top-column elementor-element elementor-element-0bbaf61\" data-id=\"0bbaf61\" data-element_type=\"column\">\n\t\t\t<div class=\"elementor-widget-wrap elementor-element-populated\">\n\t\t\t\t\t\t<div class=\"elementor-element elementor-element-c7c33a2 elementor-widget elementor-widget-image\" data-id=\"c7c33a2\" data-element_type=\"widget\" data-widget_type=\"image.default\">\n\t\t\t\t<div class=\"elementor-widget-container\">\n\t\t\t\t\t\t\t\t\t\t\t\t\t<img decoding=\"async\" width=\"400\" height=\"300\" src=\"https:\/\/radmedical.ro\/de\/wp-content\/uploads\/2021\/05\/recipient-13.jpg\" class=\"attachment-large size-large wp-image-4537\" alt=\"\" srcset=\"https:\/\/radmedical.ro\/de\/wp-content\/uploads\/2021\/05\/recipient-13.jpg 400w, https:\/\/radmedical.ro\/de\/wp-content\/uploads\/2021\/05\/recipient-13-300x225.jpg 300w, https:\/\/radmedical.ro\/de\/wp-content\/uploads\/2021\/05\/recipient-13-285x214.jpg 285w\" sizes=\"(max-width: 400px) 100vw, 400px\" \/>\t\t\t\t\t\t\t\t\t\t\t\t\t<\/div>\n\t\t\t\t<\/div>\n\t\t\t\t\t<\/div>\n\t\t<\/div>\n\t\t\t\t\t<\/div>\n\t\t<\/section>\n\t\t\t\t<\/div>\n\t\t","protected":false},"excerpt":{"rendered":"<p>Strahlenschutz Bekleidung Allgemeine Schutzausr\u00fcstung siehe Produkte Zahnschutzausr\u00fcstung siehe Produkte<\/p>\n","protected":false},"author":1,"featured_media":0,"parent":0,"menu_order":0,"comment_status":"closed","ping_status":"closed","template":"elementor_header_footer","meta":{"footnotes":""},"class_list":["post-4236","page","type-page","status-publish","hentry"],"yoast_head":"<!-- This site is optimized with the Yoast SEO plugin v24.0 - https:\/\/yoast.com\/wordpress\/plugins\/seo\/ -->\n<title>Strahlenschutz Bekleidung - Dosimetrieausr\u00fcstung, Strahlenschutzausr\u00fcstung, Transport von radioaktiven Stoffen<\/title>\n<meta name=\"robots\" content=\"index, follow, max-snippet:-1, max-image-preview:large, max-video-preview:-1\" \/>\n<link rel=\"canonical\" href=\"https:\/\/radmedical.ro\/de\/strahlenschutz-bekleidung\/\" \/>\n<meta property=\"og:locale\" content=\"en_US\" \/>\n<meta property=\"og:type\" content=\"article\" \/>\n<meta property=\"og:title\" content=\"Strahlenschutz Bekleidung - Dosimetrieausr\u00fcstung, Strahlenschutzausr\u00fcstung, Transport von radioaktiven Stoffen\" \/>\n<meta property=\"og:description\" content=\"Strahlenschutz Bekleidung Allgemeine Schutzausr\u00fcstung siehe Produkte Zahnschutzausr\u00fcstung siehe Produkte\" \/>\n<meta property=\"og:url\" content=\"https:\/\/radmedical.ro\/de\/strahlenschutz-bekleidung\/\" \/>\n<meta property=\"og:site_name\" content=\"Dosimetrieausr\u00fcstung, Strahlenschutzausr\u00fcstung, Transport von radioaktiven Stoffen\" \/>\n<meta property=\"article:modified_time\" content=\"2023-01-16T10:37:18+00:00\" \/>\n<meta property=\"og:image\" content=\"https:\/\/radmedical.ro\/de\/wp-content\/uploads\/2021\/05\/recipient-12.jpg\" \/>\n<meta name=\"twitter:card\" content=\"summary_large_image\" \/>\n<meta name=\"twitter:label1\" content=\"Est. reading time\" \/>\n\t<meta name=\"twitter:data1\" content=\"1 minute\" \/>\n<script type=\"application\/ld+json\" class=\"yoast-schema-graph\">{\"@context\":\"https:\/\/schema.org\",\"@graph\":[{\"@type\":\"WebPage\",\"@id\":\"https:\/\/radmedical.ro\/de\/strahlenschutz-bekleidung\/\",\"url\":\"https:\/\/radmedical.ro\/de\/strahlenschutz-bekleidung\/\",\"name\":\"Strahlenschutz Bekleidung - Dosimetrieausr\u00fcstung, Strahlenschutzausr\u00fcstung, Transport von radioaktiven Stoffen\",\"isPartOf\":{\"@id\":\"https:\/\/radmedical.ro\/de\/#website\"},\"primaryImageOfPage\":{\"@id\":\"https:\/\/radmedical.ro\/de\/strahlenschutz-bekleidung\/#primaryimage\"},\"image\":{\"@id\":\"https:\/\/radmedical.ro\/de\/strahlenschutz-bekleidung\/#primaryimage\"},\"thumbnailUrl\":\"https:\/\/radmedical.ro\/de\/wp-content\/uploads\/2021\/05\/recipient-12.jpg\",\"datePublished\":\"2021-04-19T16:19:21+00:00\",\"dateModified\":\"2023-01-16T10:37:18+00:00\",\"breadcrumb\":{\"@id\":\"https:\/\/radmedical.ro\/de\/strahlenschutz-bekleidung\/#breadcrumb\"},\"inLanguage\":\"en-US\",\"potentialAction\":[{\"@type\":\"ReadAction\",\"target\":[\"https:\/\/radmedical.ro\/de\/strahlenschutz-bekleidung\/\"]}]},{\"@type\":\"ImageObject\",\"inLanguage\":\"en-US\",\"@id\":\"https:\/\/radmedical.ro\/de\/strahlenschutz-bekleidung\/#primaryimage\",\"url\":\"https:\/\/radmedical.ro\/de\/wp-content\/uploads\/2021\/05\/recipient-12.jpg\",\"contentUrl\":\"https:\/\/radmedical.ro\/de\/wp-content\/uploads\/2021\/05\/recipient-12.jpg\",\"width\":400,\"height\":300},{\"@type\":\"BreadcrumbList\",\"@id\":\"https:\/\/radmedical.ro\/de\/strahlenschutz-bekleidung\/#breadcrumb\",\"itemListElement\":[{\"@type\":\"ListItem\",\"position\":1,\"name\":\"Home\",\"item\":\"https:\/\/radmedical.ro\/de\/\"},{\"@type\":\"ListItem\",\"position\":2,\"name\":\"Strahlenschutz Bekleidung\"}]},{\"@type\":\"WebSite\",\"@id\":\"https:\/\/radmedical.ro\/de\/#website\",\"url\":\"https:\/\/radmedical.ro\/de\/\",\"name\":\"AMN Design\",\"description\":\"\",\"publisher\":{\"@id\":\"https:\/\/radmedical.ro\/de\/#\/schema\/person\/f7ed3d5534297ef22de8a4a3e5ede83a\"},\"potentialAction\":[{\"@type\":\"SearchAction\",\"target\":{\"@type\":\"EntryPoint\",\"urlTemplate\":\"https:\/\/radmedical.ro\/de\/?s={search_term_string}\"},\"query-input\":{\"@type\":\"PropertyValueSpecification\",\"valueRequired\":true,\"valueName\":\"search_term_string\"}}],\"inLanguage\":\"en-US\"},{\"@type\":[\"Person\",\"Organization\"],\"@id\":\"https:\/\/radmedical.ro\/de\/#\/schema\/person\/f7ed3d5534297ef22de8a4a3e5ede83a\",\"name\":\"admin\",\"image\":{\"@type\":\"ImageObject\",\"inLanguage\":\"en-US\",\"@id\":\"https:\/\/radmedical.ro\/de\/#\/schema\/person\/image\/\",\"url\":\"https:\/\/secure.gravatar.com\/avatar\/358c7b7abd22ea51328819b7e031632e?s=96&d=mm&r=g\",\"contentUrl\":\"https:\/\/secure.gravatar.com\/avatar\/358c7b7abd22ea51328819b7e031632e?s=96&d=mm&r=g\",\"caption\":\"admin\"},\"logo\":{\"@id\":\"https:\/\/radmedical.ro\/de\/#\/schema\/person\/image\/\"}}]}<\/script>\n<!-- \/ Yoast SEO plugin. -->","yoast_head_json":{"title":"Strahlenschutz Bekleidung - Dosimetrieausr\u00fcstung, Strahlenschutzausr\u00fcstung, Transport von radioaktiven Stoffen","robots":{"index":"index","follow":"follow","max-snippet":"max-snippet:-1","max-image-preview":"max-image-preview:large","max-video-preview":"max-video-preview:-1"},"canonical":"https:\/\/radmedical.ro\/de\/strahlenschutz-bekleidung\/","og_locale":"en_US","og_type":"article","og_title":"Strahlenschutz Bekleidung - Dosimetrieausr\u00fcstung, Strahlenschutzausr\u00fcstung, Transport von radioaktiven Stoffen","og_description":"Strahlenschutz Bekleidung Allgemeine Schutzausr\u00fcstung siehe Produkte Zahnschutzausr\u00fcstung siehe Produkte","og_url":"https:\/\/radmedical.ro\/de\/strahlenschutz-bekleidung\/","og_site_name":"Dosimetrieausr\u00fcstung, Strahlenschutzausr\u00fcstung, Transport von radioaktiven Stoffen","article_modified_time":"2023-01-16T10:37:18+00:00","og_image":[{"url":"https:\/\/radmedical.ro\/de\/wp-content\/uploads\/2021\/05\/recipient-12.jpg","type":"","width":"","height":""}],"twitter_card":"summary_large_image","twitter_misc":{"Est. reading time":"1 minute"},"schema":{"@context":"https:\/\/schema.org","@graph":[{"@type":"WebPage","@id":"https:\/\/radmedical.ro\/de\/strahlenschutz-bekleidung\/","url":"https:\/\/radmedical.ro\/de\/strahlenschutz-bekleidung\/","name":"Strahlenschutz Bekleidung - Dosimetrieausr\u00fcstung, Strahlenschutzausr\u00fcstung, Transport von radioaktiven Stoffen","isPartOf":{"@id":"https:\/\/radmedical.ro\/de\/#website"},"primaryImageOfPage":{"@id":"https:\/\/radmedical.ro\/de\/strahlenschutz-bekleidung\/#primaryimage"},"image":{"@id":"https:\/\/radmedical.ro\/de\/strahlenschutz-bekleidung\/#primaryimage"},"thumbnailUrl":"https:\/\/radmedical.ro\/de\/wp-content\/uploads\/2021\/05\/recipient-12.jpg","datePublished":"2021-04-19T16:19:21+00:00","dateModified":"2023-01-16T10:37:18+00:00","breadcrumb":{"@id":"https:\/\/radmedical.ro\/de\/strahlenschutz-bekleidung\/#breadcrumb"},"inLanguage":"en-US","potentialAction":[{"@type":"ReadAction","target":["https:\/\/radmedical.ro\/de\/strahlenschutz-bekleidung\/"]}]},{"@type":"ImageObject","inLanguage":"en-US","@id":"https:\/\/radmedical.ro\/de\/strahlenschutz-bekleidung\/#primaryimage","url":"https:\/\/radmedical.ro\/de\/wp-content\/uploads\/2021\/05\/recipient-12.jpg","contentUrl":"https:\/\/radmedical.ro\/de\/wp-content\/uploads\/2021\/05\/recipient-12.jpg","width":400,"height":300},{"@type":"BreadcrumbList","@id":"https:\/\/radmedical.ro\/de\/strahlenschutz-bekleidung\/#breadcrumb","itemListElement":[{"@type":"ListItem","position":1,"name":"Home","item":"https:\/\/radmedical.ro\/de\/"},{"@type":"ListItem","position":2,"name":"Strahlenschutz Bekleidung"}]},{"@type":"WebSite","@id":"https:\/\/radmedical.ro\/de\/#website","url":"https:\/\/radmedical.ro\/de\/","name":"AMN Design","description":"","publisher":{"@id":"https:\/\/radmedical.ro\/de\/#\/schema\/person\/f7ed3d5534297ef22de8a4a3e5ede83a"},"potentialAction":[{"@type":"SearchAction","target":{"@type":"EntryPoint","urlTemplate":"https:\/\/radmedical.ro\/de\/?s={search_term_string}"},"query-input":{"@type":"PropertyValueSpecification","valueRequired":true,"valueName":"search_term_string"}}],"inLanguage":"en-US"},{"@type":["Person","Organization"],"@id":"https:\/\/radmedical.ro\/de\/#\/schema\/person\/f7ed3d5534297ef22de8a4a3e5ede83a","name":"admin","image":{"@type":"ImageObject","inLanguage":"en-US","@id":"https:\/\/radmedical.ro\/de\/#\/schema\/person\/image\/","url":"https:\/\/secure.gravatar.com\/avatar\/358c7b7abd22ea51328819b7e031632e?s=96&d=mm&r=g","contentUrl":"https:\/\/secure.gravatar.com\/avatar\/358c7b7abd22ea51328819b7e031632e?s=96&d=mm&r=g","caption":"admin"},"logo":{"@id":"https:\/\/radmedical.ro\/de\/#\/schema\/person\/image\/"}}]}},"_links":{"self":[{"href":"https:\/\/radmedical.ro\/de\/wp-json\/wp\/v2\/pages\/4236","targetHints":{"allow":["GET"]}}],"collection":[{"href":"https:\/\/radmedical.ro\/de\/wp-json\/wp\/v2\/pages"}],"about":[{"href":"https:\/\/radmedical.ro\/de\/wp-json\/wp\/v2\/types\/page"}],"author":[{"embeddable":true,"href":"https:\/\/radmedical.ro\/de\/wp-json\/wp\/v2\/users\/1"}],"replies":[{"embeddable":true,"href":"https:\/\/radmedical.ro\/de\/wp-json\/wp\/v2\/comments?post=4236"}],"version-history":[{"count":56,"href":"https:\/\/radmedical.ro\/de\/wp-json\/wp\/v2\/pages\/4236\/revisions"}],"predecessor-version":[{"id":7829,"href":"https:\/\/radmedical.ro\/de\/wp-json\/wp\/v2\/pages\/4236\/revisions\/7829"}],"wp:attachment":[{"href":"https:\/\/radmedical.ro\/de\/wp-json\/wp\/v2\/media?parent=4236"}],"curies":[{"name":"wp","href":"https:\/\/api.w.org\/{rel}","templated":true}]}}