{"id":4265,"date":"2021-04-19T16:53:21","date_gmt":"2021-04-19T16:53:21","guid":{"rendered":"https:\/\/aslegal.ro\/radmedical\/?page_id=4265"},"modified":"2023-01-16T09:52:05","modified_gmt":"2023-01-16T09:52:05","slug":"dosimeter-ausrustung","status":"publish","type":"page","link":"https:\/\/radmedical.ro\/de\/dosimeter-ausrustung\/","title":{"rendered":"Dosimeter Ausr\u00fcstung"},"content":{"rendered":"\t\t<div data-elementor-type=\"wp-post\" data-elementor-id=\"4265\" class=\"elementor elementor-4265\">\n\t\t\t\t\t\t<section class=\"elementor-section elementor-top-section elementor-element elementor-element-a470279 elementor-section-boxed elementor-section-height-default elementor-section-height-default\" data-id=\"a470279\" data-element_type=\"section\" data-settings=\"{&quot;background_background&quot;:&quot;classic&quot;}\">\n\t\t\t\t\t\t<div class=\"elementor-container elementor-column-gap-default\">\n\t\t\t\t\t<div class=\"elementor-column elementor-col-100 elementor-top-column elementor-element elementor-element-dabcc39\" data-id=\"dabcc39\" data-element_type=\"column\">\n\t\t\t<div class=\"elementor-widget-wrap elementor-element-populated\">\n\t\t\t\t\t\t<div class=\"elementor-element elementor-element-43d9b87 elementor-widget elementor-widget-text-editor\" data-id=\"43d9b87\" data-element_type=\"widget\" data-widget_type=\"text-editor.default\">\n\t\t\t\t<div class=\"elementor-widget-container\">\n\t\t\t\t\t\t\t<p style=\"text-align: center;\">Dosimeter Ausr\u00fcstung<\/p>\t\t\t\t\t\t<\/div>\n\t\t\t\t<\/div>\n\t\t\t\t\t<\/div>\n\t\t<\/div>\n\t\t\t\t\t<\/div>\n\t\t<\/section>\n\t\t\t\t<section class=\"elementor-section elementor-top-section elementor-element elementor-element-4ccb812 elementor-section-boxed elementor-section-height-default elementor-section-height-default\" data-id=\"4ccb812\" data-element_type=\"section\" data-settings=\"{&quot;background_background&quot;:&quot;classic&quot;}\">\n\t\t\t\t\t\t<div class=\"elementor-container elementor-column-gap-default\">\n\t\t\t\t\t<div class=\"elementor-column elementor-col-25 elementor-top-column elementor-element elementor-element-d9c4b12\" data-id=\"d9c4b12\" data-element_type=\"column\" data-settings=\"{&quot;background_background&quot;:&quot;classic&quot;}\">\n\t\t\t<div class=\"elementor-widget-wrap elementor-element-populated\">\n\t\t\t\t\t\t<div class=\"elementor-element elementor-element-d3c1bda elementor-widget elementor-widget-image\" data-id=\"d3c1bda\" data-element_type=\"widget\" data-widget_type=\"image.default\">\n\t\t\t\t<div class=\"elementor-widget-container\">\n\t\t\t\t\t\t\t\t\t\t\t\t\t\t<a href=\"https:\/\/radmedical.ro\/de\/fht-6020\">\n\t\t\t\t\t\t\t<img fetchpriority=\"high\" decoding=\"async\" width=\"400\" height=\"300\" src=\"https:\/\/radmedical.ro\/de\/wp-content\/uploads\/2021\/05\/recipient-4-1.jpg\" class=\"elementor-animation-shrink attachment-large size-large wp-image-4528\" alt=\"\" srcset=\"https:\/\/radmedical.ro\/de\/wp-content\/uploads\/2021\/05\/recipient-4-1.jpg 400w, https:\/\/radmedical.ro\/de\/wp-content\/uploads\/2021\/05\/recipient-4-1-300x225.jpg 300w, https:\/\/radmedical.ro\/de\/wp-content\/uploads\/2021\/05\/recipient-4-1-285x214.jpg 285w\" sizes=\"(max-width: 400px) 100vw, 400px\" \/>\t\t\t\t\t\t\t\t<\/a>\n\t\t\t\t\t\t\t\t\t\t\t\t\t<\/div>\n\t\t\t\t<\/div>\n\t\t\t\t<div class=\"elementor-element elementor-element-967b7ab elementor-widget elementor-widget-text-editor\" data-id=\"967b7ab\" data-element_type=\"widget\" data-widget_type=\"text-editor.default\">\n\t\t\t\t<div class=\"elementor-widget-container\">\n\t\t\t\t\t\t\t<p>FHT 6020<\/p>\t\t\t\t\t\t<\/div>\n\t\t\t\t<\/div>\n\t\t\t\t<div class=\"elementor-element elementor-element-94544da elementor-align-justify elementor-widget elementor-widget-button\" data-id=\"94544da\" data-element_type=\"widget\" data-widget_type=\"button.default\">\n\t\t\t\t<div class=\"elementor-widget-container\">\n\t\t\t\t\t\t\t<div class=\"elementor-button-wrapper\">\n\t\t\t\t\t<a class=\"elementor-button elementor-button-link elementor-size-sm\" href=\"https:\/\/radmedical.ro\/de\/fht-6020\">\n\t\t\t\t\t\t<span class=\"elementor-button-content-wrapper\">\n\t\t\t\t\t\t\t\t\t<span class=\"elementor-button-text\">Produkte sehen<\/span>\n\t\t\t\t\t<\/span>\n\t\t\t\t\t<\/a>\n\t\t\t\t<\/div>\n\t\t\t\t\t\t<\/div>\n\t\t\t\t<\/div>\n\t\t\t\t\t<\/div>\n\t\t<\/div>\n\t\t\t\t<div class=\"elementor-column elementor-col-25 elementor-top-column elementor-element elementor-element-19ae31b\" data-id=\"19ae31b\" data-element_type=\"column\" data-settings=\"{&quot;background_background&quot;:&quot;classic&quot;}\">\n\t\t\t<div class=\"elementor-widget-wrap elementor-element-populated\">\n\t\t\t\t\t\t<div class=\"elementor-element elementor-element-c368a3b elementor-widget elementor-widget-image\" data-id=\"c368a3b\" data-element_type=\"widget\" data-widget_type=\"image.default\">\n\t\t\t\t<div class=\"elementor-widget-container\">\n\t\t\t\t\t\t\t\t\t\t\t\t\t\t<a href=\"https:\/\/radmedical.ro\/de\/radeye-b20-er\">\n\t\t\t\t\t\t\t<img decoding=\"async\" width=\"400\" height=\"300\" src=\"https:\/\/radmedical.ro\/de\/wp-content\/uploads\/2021\/05\/recipient-4-2.jpg\" class=\"elementor-animation-shrink attachment-large size-large wp-image-4529\" alt=\"\" srcset=\"https:\/\/radmedical.ro\/de\/wp-content\/uploads\/2021\/05\/recipient-4-2.jpg 400w, https:\/\/radmedical.ro\/de\/wp-content\/uploads\/2021\/05\/recipient-4-2-300x225.jpg 300w, https:\/\/radmedical.ro\/de\/wp-content\/uploads\/2021\/05\/recipient-4-2-285x214.jpg 285w\" sizes=\"(max-width: 400px) 100vw, 400px\" \/>\t\t\t\t\t\t\t\t<\/a>\n\t\t\t\t\t\t\t\t\t\t\t\t\t<\/div>\n\t\t\t\t<\/div>\n\t\t\t\t<div class=\"elementor-element elementor-element-9fabca8 elementor-widget elementor-widget-text-editor\" data-id=\"9fabca8\" data-element_type=\"widget\" data-widget_type=\"text-editor.default\">\n\t\t\t\t<div class=\"elementor-widget-container\">\n\t\t\t\t\t\t\t<p>RadEye B20-ER<\/p>\t\t\t\t\t\t<\/div>\n\t\t\t\t<\/div>\n\t\t\t\t<div class=\"elementor-element elementor-element-6294bb2 elementor-align-justify elementor-widget elementor-widget-button\" data-id=\"6294bb2\" data-element_type=\"widget\" data-widget_type=\"button.default\">\n\t\t\t\t<div class=\"elementor-widget-container\">\n\t\t\t\t\t\t\t<div class=\"elementor-button-wrapper\">\n\t\t\t\t\t<a class=\"elementor-button elementor-button-link elementor-size-sm\" href=\"https:\/\/radmedical.ro\/de\/radeye-b20-er\">\n\t\t\t\t\t\t<span class=\"elementor-button-content-wrapper\">\n\t\t\t\t\t\t\t\t\t<span class=\"elementor-button-text\">Produkte sehen<\/span>\n\t\t\t\t\t<\/span>\n\t\t\t\t\t<\/a>\n\t\t\t\t<\/div>\n\t\t\t\t\t\t<\/div>\n\t\t\t\t<\/div>\n\t\t\t\t\t<\/div>\n\t\t<\/div>\n\t\t\t\t<div class=\"elementor-column elementor-col-25 elementor-top-column elementor-element elementor-element-3bc003d\" data-id=\"3bc003d\" data-element_type=\"column\" data-settings=\"{&quot;background_background&quot;:&quot;classic&quot;}\">\n\t\t\t<div class=\"elementor-widget-wrap elementor-element-populated\">\n\t\t\t\t\t\t<div class=\"elementor-element elementor-element-0bf8f0c elementor-widget elementor-widget-image\" data-id=\"0bf8f0c\" data-element_type=\"widget\" data-widget_type=\"image.default\">\n\t\t\t\t<div class=\"elementor-widget-container\">\n\t\t\t\t\t\t\t\t\t\t\t\t\t\t<a href=\"https:\/\/radmedical.ro\/de\/radeye-g-10\">\n\t\t\t\t\t\t\t<img decoding=\"async\" width=\"400\" height=\"300\" src=\"https:\/\/radmedical.ro\/de\/wp-content\/uploads\/2021\/05\/recipient-4-3.jpg\" class=\"elementor-animation-shrink attachment-large size-large wp-image-4530\" alt=\"\" srcset=\"https:\/\/radmedical.ro\/de\/wp-content\/uploads\/2021\/05\/recipient-4-3.jpg 400w, https:\/\/radmedical.ro\/de\/wp-content\/uploads\/2021\/05\/recipient-4-3-300x225.jpg 300w, https:\/\/radmedical.ro\/de\/wp-content\/uploads\/2021\/05\/recipient-4-3-285x214.jpg 285w\" sizes=\"(max-width: 400px) 100vw, 400px\" \/>\t\t\t\t\t\t\t\t<\/a>\n\t\t\t\t\t\t\t\t\t\t\t\t\t<\/div>\n\t\t\t\t<\/div>\n\t\t\t\t<div class=\"elementor-element elementor-element-d1335dc elementor-widget elementor-widget-text-editor\" data-id=\"d1335dc\" data-element_type=\"widget\" data-widget_type=\"text-editor.default\">\n\t\t\t\t<div class=\"elementor-widget-container\">\n\t\t\t\t\t\t\t<p>RadEye G-10<\/p>\t\t\t\t\t\t<\/div>\n\t\t\t\t<\/div>\n\t\t\t\t<div class=\"elementor-element elementor-element-ac6a9a0 elementor-align-justify elementor-widget elementor-widget-button\" data-id=\"ac6a9a0\" data-element_type=\"widget\" data-widget_type=\"button.default\">\n\t\t\t\t<div class=\"elementor-widget-container\">\n\t\t\t\t\t\t\t<div class=\"elementor-button-wrapper\">\n\t\t\t\t\t<a class=\"elementor-button elementor-button-link elementor-size-sm\" href=\"https:\/\/radmedical.ro\/de\/radeye-g-10\">\n\t\t\t\t\t\t<span class=\"elementor-button-content-wrapper\">\n\t\t\t\t\t\t\t\t\t<span class=\"elementor-button-text\">Produkte sehen<\/span>\n\t\t\t\t\t<\/span>\n\t\t\t\t\t<\/a>\n\t\t\t\t<\/div>\n\t\t\t\t\t\t<\/div>\n\t\t\t\t<\/div>\n\t\t\t\t\t<\/div>\n\t\t<\/div>\n\t\t\t\t<div class=\"elementor-column elementor-col-25 elementor-top-column elementor-element elementor-element-d45b91f\" data-id=\"d45b91f\" data-element_type=\"column\" data-settings=\"{&quot;background_background&quot;:&quot;classic&quot;}\">\n\t\t\t<div class=\"elementor-widget-wrap elementor-element-populated\">\n\t\t\t\t\t\t<div class=\"elementor-element elementor-element-f8314c0 elementor-widget elementor-widget-image\" data-id=\"f8314c0\" data-element_type=\"widget\" data-widget_type=\"image.default\">\n\t\t\t\t<div class=\"elementor-widget-container\">\n\t\t\t\t\t\t\t\t\t\t\t\t\t\t<a href=\"https:\/\/radmedical.ro\/de\/radeye-g-20-er\">\n\t\t\t\t\t\t\t<img loading=\"lazy\" decoding=\"async\" width=\"400\" height=\"300\" src=\"https:\/\/radmedical.ro\/de\/wp-content\/uploads\/2021\/05\/recipient-4-4.jpg\" class=\"elementor-animation-shrink attachment-large size-large wp-image-4531\" alt=\"\" srcset=\"https:\/\/radmedical.ro\/de\/wp-content\/uploads\/2021\/05\/recipient-4-4.jpg 400w, https:\/\/radmedical.ro\/de\/wp-content\/uploads\/2021\/05\/recipient-4-4-300x225.jpg 300w, https:\/\/radmedical.ro\/de\/wp-content\/uploads\/2021\/05\/recipient-4-4-285x214.jpg 285w\" sizes=\"(max-width: 400px) 100vw, 400px\" \/>\t\t\t\t\t\t\t\t<\/a>\n\t\t\t\t\t\t\t\t\t\t\t\t\t<\/div>\n\t\t\t\t<\/div>\n\t\t\t\t<div class=\"elementor-element elementor-element-a61a1b1 elementor-widget elementor-widget-text-editor\" data-id=\"a61a1b1\" data-element_type=\"widget\" data-widget_type=\"text-editor.default\">\n\t\t\t\t<div class=\"elementor-widget-container\">\n\t\t\t\t\t\t\t<p>RadEye G-20-ER<\/p>\t\t\t\t\t\t<\/div>\n\t\t\t\t<\/div>\n\t\t\t\t<div class=\"elementor-element elementor-element-1d562f2 elementor-align-justify elementor-widget elementor-widget-button\" data-id=\"1d562f2\" data-element_type=\"widget\" data-widget_type=\"button.default\">\n\t\t\t\t<div class=\"elementor-widget-container\">\n\t\t\t\t\t\t\t<div class=\"elementor-button-wrapper\">\n\t\t\t\t\t<a class=\"elementor-button elementor-button-link elementor-size-sm\" href=\"https:\/\/radmedical.ro\/de\/radeye-g-20-er\">\n\t\t\t\t\t\t<span class=\"elementor-button-content-wrapper\">\n\t\t\t\t\t\t\t\t\t<span class=\"elementor-button-text\">Produkte sehen<\/span>\n\t\t\t\t\t<\/span>\n\t\t\t\t\t<\/a>\n\t\t\t\t<\/div>\n\t\t\t\t\t\t<\/div>\n\t\t\t\t<\/div>\n\t\t\t\t\t<\/div>\n\t\t<\/div>\n\t\t\t\t\t<\/div>\n\t\t<\/section>\n\t\t\t\t<\/div>\n\t\t","protected":false},"excerpt":{"rendered":"<p>Dosimeter Ausr\u00fcstung FHT 6020 Produkte sehen RadEye B20-ER Produkte sehen RadEye G-10 Produkte sehen RadEye G-20-ER Produkte sehen<\/p>\n","protected":false},"author":1,"featured_media":0,"parent":0,"menu_order":0,"comment_status":"closed","ping_status":"closed","template":"elementor_header_footer","meta":{"footnotes":""},"class_list":["post-4265","page","type-page","status-publish","hentry"],"yoast_head":"<!-- This site is optimized with the Yoast SEO plugin v24.0 - https:\/\/yoast.com\/wordpress\/plugins\/seo\/ -->\n<title>Dosimeter Ausr\u00fcstung - Dosimetrieausr\u00fcstung, Strahlenschutzausr\u00fcstung, Transport von radioaktiven Stoffen<\/title>\n<meta name=\"robots\" content=\"index, follow, max-snippet:-1, max-image-preview:large, max-video-preview:-1\" \/>\n<link rel=\"canonical\" href=\"https:\/\/radmedical.ro\/de\/dosimeter-ausrustung\/\" \/>\n<meta property=\"og:locale\" content=\"en_US\" \/>\n<meta property=\"og:type\" content=\"article\" \/>\n<meta property=\"og:title\" content=\"Dosimeter Ausr\u00fcstung - Dosimetrieausr\u00fcstung, Strahlenschutzausr\u00fcstung, Transport von radioaktiven Stoffen\" \/>\n<meta property=\"og:description\" content=\"Dosimeter Ausr\u00fcstung FHT 6020 Produkte sehen RadEye B20-ER Produkte sehen RadEye G-10 Produkte sehen RadEye G-20-ER Produkte sehen\" \/>\n<meta property=\"og:url\" content=\"https:\/\/radmedical.ro\/de\/dosimeter-ausrustung\/\" \/>\n<meta property=\"og:site_name\" content=\"Dosimetrieausr\u00fcstung, Strahlenschutzausr\u00fcstung, Transport von radioaktiven Stoffen\" \/>\n<meta property=\"article:modified_time\" content=\"2023-01-16T09:52:05+00:00\" \/>\n<meta property=\"og:image\" content=\"https:\/\/radmedical.ro\/de\/wp-content\/uploads\/2021\/05\/recipient-4-1.jpg\" \/>\n<meta name=\"twitter:card\" content=\"summary_large_image\" \/>\n<meta name=\"twitter:label1\" content=\"Est. reading time\" \/>\n\t<meta name=\"twitter:data1\" content=\"1 minute\" \/>\n<script type=\"application\/ld+json\" class=\"yoast-schema-graph\">{\"@context\":\"https:\/\/schema.org\",\"@graph\":[{\"@type\":\"WebPage\",\"@id\":\"https:\/\/radmedical.ro\/de\/dosimeter-ausrustung\/\",\"url\":\"https:\/\/radmedical.ro\/de\/dosimeter-ausrustung\/\",\"name\":\"Dosimeter Ausr\u00fcstung - Dosimetrieausr\u00fcstung, Strahlenschutzausr\u00fcstung, Transport von radioaktiven Stoffen\",\"isPartOf\":{\"@id\":\"https:\/\/radmedical.ro\/de\/#website\"},\"primaryImageOfPage\":{\"@id\":\"https:\/\/radmedical.ro\/de\/dosimeter-ausrustung\/#primaryimage\"},\"image\":{\"@id\":\"https:\/\/radmedical.ro\/de\/dosimeter-ausrustung\/#primaryimage\"},\"thumbnailUrl\":\"https:\/\/radmedical.ro\/de\/wp-content\/uploads\/2021\/05\/recipient-4-1.jpg\",\"datePublished\":\"2021-04-19T16:53:21+00:00\",\"dateModified\":\"2023-01-16T09:52:05+00:00\",\"breadcrumb\":{\"@id\":\"https:\/\/radmedical.ro\/de\/dosimeter-ausrustung\/#breadcrumb\"},\"inLanguage\":\"en-US\",\"potentialAction\":[{\"@type\":\"ReadAction\",\"target\":[\"https:\/\/radmedical.ro\/de\/dosimeter-ausrustung\/\"]}]},{\"@type\":\"ImageObject\",\"inLanguage\":\"en-US\",\"@id\":\"https:\/\/radmedical.ro\/de\/dosimeter-ausrustung\/#primaryimage\",\"url\":\"https:\/\/radmedical.ro\/de\/wp-content\/uploads\/2021\/05\/recipient-4-1.jpg\",\"contentUrl\":\"https:\/\/radmedical.ro\/de\/wp-content\/uploads\/2021\/05\/recipient-4-1.jpg\",\"width\":400,\"height\":300},{\"@type\":\"BreadcrumbList\",\"@id\":\"https:\/\/radmedical.ro\/de\/dosimeter-ausrustung\/#breadcrumb\",\"itemListElement\":[{\"@type\":\"ListItem\",\"position\":1,\"name\":\"Home\",\"item\":\"https:\/\/radmedical.ro\/de\/\"},{\"@type\":\"ListItem\",\"position\":2,\"name\":\"Dosimeter Ausr\u00fcstung\"}]},{\"@type\":\"WebSite\",\"@id\":\"https:\/\/radmedical.ro\/de\/#website\",\"url\":\"https:\/\/radmedical.ro\/de\/\",\"name\":\"AMN Design\",\"description\":\"\",\"publisher\":{\"@id\":\"https:\/\/radmedical.ro\/de\/#\/schema\/person\/f7ed3d5534297ef22de8a4a3e5ede83a\"},\"potentialAction\":[{\"@type\":\"SearchAction\",\"target\":{\"@type\":\"EntryPoint\",\"urlTemplate\":\"https:\/\/radmedical.ro\/de\/?s={search_term_string}\"},\"query-input\":{\"@type\":\"PropertyValueSpecification\",\"valueRequired\":true,\"valueName\":\"search_term_string\"}}],\"inLanguage\":\"en-US\"},{\"@type\":[\"Person\",\"Organization\"],\"@id\":\"https:\/\/radmedical.ro\/de\/#\/schema\/person\/f7ed3d5534297ef22de8a4a3e5ede83a\",\"name\":\"admin\",\"image\":{\"@type\":\"ImageObject\",\"inLanguage\":\"en-US\",\"@id\":\"https:\/\/radmedical.ro\/de\/#\/schema\/person\/image\/\",\"url\":\"https:\/\/secure.gravatar.com\/avatar\/358c7b7abd22ea51328819b7e031632e?s=96&d=mm&r=g\",\"contentUrl\":\"https:\/\/secure.gravatar.com\/avatar\/358c7b7abd22ea51328819b7e031632e?s=96&d=mm&r=g\",\"caption\":\"admin\"},\"logo\":{\"@id\":\"https:\/\/radmedical.ro\/de\/#\/schema\/person\/image\/\"}}]}<\/script>\n<!-- \/ Yoast SEO plugin. -->","yoast_head_json":{"title":"Dosimeter Ausr\u00fcstung - Dosimetrieausr\u00fcstung, Strahlenschutzausr\u00fcstung, Transport von radioaktiven Stoffen","robots":{"index":"index","follow":"follow","max-snippet":"max-snippet:-1","max-image-preview":"max-image-preview:large","max-video-preview":"max-video-preview:-1"},"canonical":"https:\/\/radmedical.ro\/de\/dosimeter-ausrustung\/","og_locale":"en_US","og_type":"article","og_title":"Dosimeter Ausr\u00fcstung - Dosimetrieausr\u00fcstung, Strahlenschutzausr\u00fcstung, Transport von radioaktiven Stoffen","og_description":"Dosimeter Ausr\u00fcstung FHT 6020 Produkte sehen RadEye B20-ER Produkte sehen RadEye G-10 Produkte sehen RadEye G-20-ER Produkte sehen","og_url":"https:\/\/radmedical.ro\/de\/dosimeter-ausrustung\/","og_site_name":"Dosimetrieausr\u00fcstung, Strahlenschutzausr\u00fcstung, Transport von radioaktiven Stoffen","article_modified_time":"2023-01-16T09:52:05+00:00","og_image":[{"url":"https:\/\/radmedical.ro\/de\/wp-content\/uploads\/2021\/05\/recipient-4-1.jpg","type":"","width":"","height":""}],"twitter_card":"summary_large_image","twitter_misc":{"Est. reading time":"1 minute"},"schema":{"@context":"https:\/\/schema.org","@graph":[{"@type":"WebPage","@id":"https:\/\/radmedical.ro\/de\/dosimeter-ausrustung\/","url":"https:\/\/radmedical.ro\/de\/dosimeter-ausrustung\/","name":"Dosimeter Ausr\u00fcstung - Dosimetrieausr\u00fcstung, Strahlenschutzausr\u00fcstung, Transport von radioaktiven Stoffen","isPartOf":{"@id":"https:\/\/radmedical.ro\/de\/#website"},"primaryImageOfPage":{"@id":"https:\/\/radmedical.ro\/de\/dosimeter-ausrustung\/#primaryimage"},"image":{"@id":"https:\/\/radmedical.ro\/de\/dosimeter-ausrustung\/#primaryimage"},"thumbnailUrl":"https:\/\/radmedical.ro\/de\/wp-content\/uploads\/2021\/05\/recipient-4-1.jpg","datePublished":"2021-04-19T16:53:21+00:00","dateModified":"2023-01-16T09:52:05+00:00","breadcrumb":{"@id":"https:\/\/radmedical.ro\/de\/dosimeter-ausrustung\/#breadcrumb"},"inLanguage":"en-US","potentialAction":[{"@type":"ReadAction","target":["https:\/\/radmedical.ro\/de\/dosimeter-ausrustung\/"]}]},{"@type":"ImageObject","inLanguage":"en-US","@id":"https:\/\/radmedical.ro\/de\/dosimeter-ausrustung\/#primaryimage","url":"https:\/\/radmedical.ro\/de\/wp-content\/uploads\/2021\/05\/recipient-4-1.jpg","contentUrl":"https:\/\/radmedical.ro\/de\/wp-content\/uploads\/2021\/05\/recipient-4-1.jpg","width":400,"height":300},{"@type":"BreadcrumbList","@id":"https:\/\/radmedical.ro\/de\/dosimeter-ausrustung\/#breadcrumb","itemListElement":[{"@type":"ListItem","position":1,"name":"Home","item":"https:\/\/radmedical.ro\/de\/"},{"@type":"ListItem","position":2,"name":"Dosimeter Ausr\u00fcstung"}]},{"@type":"WebSite","@id":"https:\/\/radmedical.ro\/de\/#website","url":"https:\/\/radmedical.ro\/de\/","name":"AMN Design","description":"","publisher":{"@id":"https:\/\/radmedical.ro\/de\/#\/schema\/person\/f7ed3d5534297ef22de8a4a3e5ede83a"},"potentialAction":[{"@type":"SearchAction","target":{"@type":"EntryPoint","urlTemplate":"https:\/\/radmedical.ro\/de\/?s={search_term_string}"},"query-input":{"@type":"PropertyValueSpecification","valueRequired":true,"valueName":"search_term_string"}}],"inLanguage":"en-US"},{"@type":["Person","Organization"],"@id":"https:\/\/radmedical.ro\/de\/#\/schema\/person\/f7ed3d5534297ef22de8a4a3e5ede83a","name":"admin","image":{"@type":"ImageObject","inLanguage":"en-US","@id":"https:\/\/radmedical.ro\/de\/#\/schema\/person\/image\/","url":"https:\/\/secure.gravatar.com\/avatar\/358c7b7abd22ea51328819b7e031632e?s=96&d=mm&r=g","contentUrl":"https:\/\/secure.gravatar.com\/avatar\/358c7b7abd22ea51328819b7e031632e?s=96&d=mm&r=g","caption":"admin"},"logo":{"@id":"https:\/\/radmedical.ro\/de\/#\/schema\/person\/image\/"}}]}},"_links":{"self":[{"href":"https:\/\/radmedical.ro\/de\/wp-json\/wp\/v2\/pages\/4265","targetHints":{"allow":["GET"]}}],"collection":[{"href":"https:\/\/radmedical.ro\/de\/wp-json\/wp\/v2\/pages"}],"about":[{"href":"https:\/\/radmedical.ro\/de\/wp-json\/wp\/v2\/types\/page"}],"author":[{"embeddable":true,"href":"https:\/\/radmedical.ro\/de\/wp-json\/wp\/v2\/users\/1"}],"replies":[{"embeddable":true,"href":"https:\/\/radmedical.ro\/de\/wp-json\/wp\/v2\/comments?post=4265"}],"version-history":[{"count":37,"href":"https:\/\/radmedical.ro\/de\/wp-json\/wp\/v2\/pages\/4265\/revisions"}],"predecessor-version":[{"id":7762,"href":"https:\/\/radmedical.ro\/de\/wp-json\/wp\/v2\/pages\/4265\/revisions\/7762"}],"wp:attachment":[{"href":"https:\/\/radmedical.ro\/de\/wp-json\/wp\/v2\/media?parent=4265"}],"curies":[{"name":"wp","href":"https:\/\/api.w.org\/{rel}","templated":true}]}}